{"id":202,"date":"2022-04-06T08:02:19","date_gmt":"2022-04-06T08:02:19","guid":{"rendered":"https:\/\/blog.4room.ee\/?page_id=202"},"modified":"2022-04-08T20:19:24","modified_gmt":"2022-04-08T20:19:24","slug":"hotellid","status":"publish","type":"page","link":"https:\/\/blog.4room.ee\/en\/hotellid\/","title":{"rendered":"Hotels"},"content":{"rendered":"<div data-elementor-type=\"wp-page\" data-elementor-id=\"202\" class=\"elementor elementor-202\">\n\t\t\t\t\t\t<section class=\"elementor-section elementor-top-section elementor-element elementor-element-f2a0e23 elementor-section-boxed elementor-section-height-default elementor-section-height-default\" data-id=\"f2a0e23\" data-element_type=\"section\">\n\t\t\t\t\t\t<div class=\"elementor-container elementor-column-gap-default\">\n\t\t\t\t\t<div class=\"elementor-column elementor-col-100 elementor-top-column elementor-element elementor-element-8f7370f\" data-id=\"8f7370f\" data-element_type=\"column\">\n\t\t\t<div class=\"elementor-widget-wrap elementor-element-populated\">\n\t\t\t\t\t\t<div class=\"elementor-element elementor-element-d0ccc15 elementor-widget elementor-widget-cv-masonry-blog-post-layout\" data-id=\"d0ccc15\" data-element_type=\"widget\" data-widget_type=\"cv-masonry-blog-post-layout.default\">\n\t\t\t\t<div class=\"elementor-widget-container\">\n\t\t\t<div id=\"cv-masonry-post-layout\" class=\"block-d0ccc15 cv-block cv-masonry-post-layout cv-block-masonry--layout-one cv-block-grid--layout-one\">    <div class=\"cv-post-wrapper cv-post--imagemargin column--three\">\r\n                        <article post-id=\"post-253\" class=\"cv-post post-format--standard\" itemscope itemtype=\"http:\/\/schema.org\/articleBody\">\r\n                                        <div class=\"cv-post-thumb\">\r\n                        <a href=\"https:\/\/blog.4room.ee\/en\/koik\/centennial-hotel\/\"><img decoding=\"async\" src=\"https:\/\/blog.4room.ee\/wp-content\/uploads\/2022\/04\/Superior-room-ava-slider-1-min.png\" alt=\"Centennial hotel\"\/><\/a>\r\n                    <\/div>\r\n                    <h2 class=\"cv-post-title\">\r\n                        <a href=\"https:\/\/blog.4room.ee\/en\/koik\/centennial-hotel\/\" target=\"_self\">\r\n                            Centennial hotel                        <\/a>\r\n                    <\/h2>\r\n                    <div class=\"cv-post-meta cv-meta-icon-show\">\r\n                                            <\/div>\r\n                <div class=\"cv-post-content\" itemprop=\"description\">We can be proud of the collaboration with Centennial Hotel. Hotel opened its doors on the 15th of August in 2017.<\/div><div class=\"cv-read-more\"><a href=\"https:\/\/blog.4room.ee\/en\/koik\/centennial-hotel\/\">Read more<i class=\"fas fa-arrow-right\"><\/i><\/a><\/div>                <\/article>\r\n                        <article post-id=\"post-250\" class=\"cv-post post-format--standard\" itemscope itemtype=\"http:\/\/schema.org\/articleBody\">\r\n                                        <div class=\"cv-post-thumb\">\r\n                        <a href=\"https:\/\/blog.4room.ee\/en\/koik\/strand-hotell\/\"><img decoding=\"async\" src=\"https:\/\/blog.4room.ee\/wp-content\/uploads\/2022\/04\/a0ba32_6c8fef85d89a48d4a562db2bcc057199_mv2-scaled.webp\" alt=\"Strand Hotell\"\/><\/a>\r\n                    <\/div>\r\n                    <h2 class=\"cv-post-title\">\r\n                        <a href=\"https:\/\/blog.4room.ee\/en\/koik\/strand-hotell\/\" target=\"_self\">\r\n                            Strand Hotel                        <\/a>\r\n                    <\/h2>\r\n                    <div class=\"cv-post-meta cv-meta-icon-show\">\r\n                                            <\/div>\r\n                <div class=\"cv-post-content\" itemprop=\"description\">Our luminaires lighting the interiors of the Strand hotel.<\/div><div class=\"cv-read-more\"><a href=\"https:\/\/blog.4room.ee\/en\/koik\/strand-hotell\/\">Read more<i class=\"fas fa-arrow-right\"><\/i><\/a><\/div>                <\/article>\r\n                        <article post-id=\"post-247\" class=\"cv-post post-format--standard\" itemscope itemtype=\"http:\/\/schema.org\/articleBody\">\r\n                                        <div class=\"cv-post-thumb\">\r\n                        <a href=\"https:\/\/blog.4room.ee\/en\/koik\/adami-talu\/\"><img decoding=\"async\" src=\"https:\/\/blog.4room.ee\/wp-content\/uploads\/2022\/04\/164331399_208790324203586_4130087344210431872_n.jpeg\" alt=\"Adami Talu\"\/><\/a>\r\n                    <\/div>\r\n                    <h2 class=\"cv-post-title\">\r\n                        <a href=\"https:\/\/blog.4room.ee\/en\/koik\/adami-talu\/\" target=\"_self\">\r\n                            Adami Country Guesthouse                        <\/a>\r\n                    <\/h2>\r\n                    <div class=\"cv-post-meta cv-meta-icon-show\">\r\n                                            <\/div>\r\n                <div class=\"cv-post-content\" itemprop=\"description\">Our luminaires represented at the cozy Adami Country Guesthouse&nbsp;<\/div><div class=\"cv-read-more\"><a href=\"https:\/\/blog.4room.ee\/en\/koik\/adami-talu\/\">Read more<i class=\"fas fa-arrow-right\"><\/i><\/a><\/div>                <\/article>\r\n                        <article post-id=\"post-222\" class=\"cv-post post-format--standard\" itemscope itemtype=\"http:\/\/schema.org\/articleBody\">\r\n                                        <div class=\"cv-post-thumb\">\r\n                        <a href=\"https:\/\/blog.4room.ee\/en\/koik\/hotell-euroopa\/\"><img decoding=\"async\" src=\"https:\/\/blog.4room.ee\/wp-content\/uploads\/2022\/04\/a0ba32_10f52e46abf849cbafb0da26b92010fb_mv2.jpeg\" alt=\"Hotell Euroopa\"\/><\/a>\r\n                    <\/div>\r\n                    <h2 class=\"cv-post-title\">\r\n                        <a href=\"https:\/\/blog.4room.ee\/en\/koik\/hotell-euroopa\/\" target=\"_self\">\r\n                            Hotel Europe                        <\/a>\r\n                    <\/h2>\r\n                    <div class=\"cv-post-meta cv-meta-icon-show\">\r\n                                            <\/div>\r\n                <div class=\"cv-post-content\" itemprop=\"description\">Entering Hotel Europe, the first thing you are going to see are our playful luminaires.<\/div><div class=\"cv-read-more\"><a href=\"https:\/\/blog.4room.ee\/en\/koik\/hotell-euroopa\/\">Read more<i class=\"fas fa-arrow-right\"><\/i><\/a><\/div>                <\/article>\r\n            <\/div><\/div>\t\t<\/div>\n\t\t\t\t<\/div>\n\t\t\t\t\t<\/div>\n\t\t<\/div>\n\t\t\t\t\t<\/div>\n\t\t<\/section>\n\t\t\t\t<\/div>","protected":false},"excerpt":{"rendered":"<p>Centennial hotel Saame uhked olla koost\u00f6\u00f6 \u00fcle Centennial hotelli tubade valgustamisel. Hotell avas k\u00fclalistele uksed 15. augustil&hellip;Loe edasi Strand Hotell 2017.aastal asusid meie valgustid ilustama Strand hotelli interj\u00f6\u00f6re. https:\/\/www.strand.ee\/et\/hotell.html Arhitekt ja sisekujundaja: Rene SafinLoe edasi Adami Talu Meie valgustid esitletud hubases Adami Talus. Fotod Adami talu Facebookist &#8211; https:\/\/www.facebook.com\/adamiguesthouse&nbsp;Loe edasi Hotell Euroopa Hotell Euroopasse sisenedes &hellip;<\/p>\n<p class=\"read-more\"> <a class=\"\" href=\"https:\/\/blog.4room.ee\/en\/koik\/hotell-euroopa\/\"> <span class=\"screen-reader-text\">Hotel Europe<\/span> Read More &raquo;<\/a><\/p>","protected":false},"author":1,"featured_media":0,"parent":0,"menu_order":0,"comment_status":"closed","ping_status":"closed","template":"","meta":{"site-sidebar-layout":"default","site-content-layout":"default","ast-main-header-display":"","ast-hfb-above-header-display":"","ast-hfb-below-header-display":"","ast-hfb-mobile-header-display":"","site-post-title":"disabled","ast-breadcrumbs-content":"","ast-featured-img":"","footer-sml-layout":"","theme-transparent-header-meta":"default","adv-header-id-meta":"","stick-header-meta":"","header-above-stick-meta":"","header-main-stick-meta":"","header-below-stick-meta":"","ngg_post_thumbnail":0,"footnotes":""},"class_list":["post-202","page","type-page","status-publish","hentry"],"blog_post_layout_featured_media_urls":{"thumbnail":"","full":""},"categories_names":null,"comments_number":"0","_links":{"self":[{"href":"https:\/\/blog.4room.ee\/en\/wp-json\/wp\/v2\/pages\/202","targetHints":{"allow":["GET"]}}],"collection":[{"href":"https:\/\/blog.4room.ee\/en\/wp-json\/wp\/v2\/pages"}],"about":[{"href":"https:\/\/blog.4room.ee\/en\/wp-json\/wp\/v2\/types\/page"}],"author":[{"embeddable":true,"href":"https:\/\/blog.4room.ee\/en\/wp-json\/wp\/v2\/users\/1"}],"replies":[{"embeddable":true,"href":"https:\/\/blog.4room.ee\/en\/wp-json\/wp\/v2\/comments?post=202"}],"version-history":[{"count":11,"href":"https:\/\/blog.4room.ee\/en\/wp-json\/wp\/v2\/pages\/202\/revisions"}],"predecessor-version":[{"id":596,"href":"https:\/\/blog.4room.ee\/en\/wp-json\/wp\/v2\/pages\/202\/revisions\/596"}],"wp:attachment":[{"href":"https:\/\/blog.4room.ee\/en\/wp-json\/wp\/v2\/media?parent=202"}],"curies":[{"name":"wp","href":"https:\/\/api.w.org\/{rel}","templated":true}]}}