{"id":199,"date":"2022-04-06T08:02:12","date_gmt":"2022-04-06T08:02:12","guid":{"rendered":"https:\/\/blog.4room.ee\/?page_id=199"},"modified":"2022-04-08T20:18:15","modified_gmt":"2022-04-08T20:18:15","slug":"kodud","status":"publish","type":"page","link":"https:\/\/blog.4room.ee\/en\/kodud\/","title":{"rendered":"Home"},"content":{"rendered":"<div data-elementor-type=\"wp-page\" data-elementor-id=\"199\" class=\"elementor elementor-199\">\n\t\t\t\t\t\t<section class=\"elementor-section elementor-top-section elementor-element elementor-element-b065f21 elementor-section-boxed elementor-section-height-default elementor-section-height-default\" data-id=\"b065f21\" data-element_type=\"section\">\n\t\t\t\t\t\t<div class=\"elementor-container elementor-column-gap-default\">\n\t\t\t\t\t<div class=\"elementor-column elementor-col-100 elementor-top-column elementor-element elementor-element-abbb9a7\" data-id=\"abbb9a7\" data-element_type=\"column\">\n\t\t\t<div class=\"elementor-widget-wrap elementor-element-populated\">\n\t\t\t\t\t\t<div class=\"elementor-element elementor-element-7c183cc elementor-widget elementor-widget-cv-masonry-blog-post-layout\" data-id=\"7c183cc\" data-element_type=\"widget\" data-widget_type=\"cv-masonry-blog-post-layout.default\">\n\t\t\t\t<div class=\"elementor-widget-container\">\n\t\t\t<div id=\"cv-masonry-post-layout\" class=\"block-7c183cc cv-block cv-masonry-post-layout cv-block-masonry--layout-one cv-block-grid--layout-one\">    <div class=\"cv-post-wrapper cv-post--imagemargin column--two\">\r\n                        <article post-id=\"post-373\" class=\"cv-post post-format--standard\" itemscope itemtype=\"http:\/\/schema.org\/articleBody\">\r\n                                        <div class=\"cv-post-thumb\">\r\n                        <a href=\"https:\/\/blog.4room.ee\/en\/koik\/kodu-ja-aed-2018-spirit-royal\/\"><img decoding=\"async\" src=\"https:\/\/blog.4room.ee\/wp-content\/uploads\/2022\/04\/a0ba32_032eebe694ae495f89abc3e221568522_mv2.jpeg\" alt=\"Kodu ja Aed 2018 Spirit Royal\"\/><\/a>\r\n                    <\/div>\r\n                    <h2 class=\"cv-post-title\">\r\n                        <a href=\"https:\/\/blog.4room.ee\/en\/koik\/kodu-ja-aed-2018-spirit-royal\/\" target=\"_self\">\r\n                            Magazine \"Home and Garden\" 2018                        <\/a>\r\n                    <\/h2>\r\n                    <div class=\"cv-post-meta cv-meta-icon-show\">\r\n                                            <\/div>\r\n                <div class=\"cv-post-content\" itemprop=\"description\">SPIRIT ROYAL in an historic environment. It is an unexpected, but newly effective combination.<\/div><div class=\"cv-read-more\"><a href=\"https:\/\/blog.4room.ee\/en\/koik\/kodu-ja-aed-2018-spirit-royal\/\">Read more<i class=\"fas fa-arrow-right\"><\/i><\/a><\/div>                <\/article>\r\n                        <article post-id=\"post-232\" class=\"cv-post post-format--standard\" itemscope itemtype=\"http:\/\/schema.org\/articleBody\">\r\n                                        <div class=\"cv-post-thumb\">\r\n                        <a href=\"https:\/\/blog.4room.ee\/en\/koik\/spirit-royal-kui-luhter\/\"><img decoding=\"async\" src=\"https:\/\/blog.4room.ee\/wp-content\/uploads\/2022\/04\/a0ba32_c0451aabcafb4c449f6d6d64e595c9e2_mv2.png\" alt=\"SPIRIT ROYAL KUI L\u00dcHTER\"\/><\/a>\r\n                    <\/div>\r\n                    <h2 class=\"cv-post-title\">\r\n                        <a href=\"https:\/\/blog.4room.ee\/en\/koik\/spirit-royal-kui-luhter\/\" target=\"_self\">\r\n                            Spirit Royal as a chandelier                        <\/a>\r\n                    <\/h2>\r\n                    <div class=\"cv-post-meta cv-meta-icon-show\">\r\n                                            <\/div>\r\n                <div class=\"cv-post-content\" itemprop=\"description\">In this home, located in Tallinn, are chosen two SPIRIT ROYAL chandeliers. In the photo, above the dining table, is the smaller one in the color Monaco gray.<\/div><div class=\"cv-read-more\"><a href=\"https:\/\/blog.4room.ee\/en\/koik\/spirit-royal-kui-luhter\/\">Read more<i class=\"fas fa-arrow-right\"><\/i><\/a><\/div>                <\/article>\r\n                        <article post-id=\"post-229\" class=\"cv-post post-format--standard\" itemscope itemtype=\"http:\/\/schema.org\/articleBody\">\r\n                                        <div class=\"cv-post-thumb\">\r\n                        <a href=\"https:\/\/blog.4room.ee\/en\/koik\/korter-tallinnas\/\"><img decoding=\"async\" src=\"https:\/\/blog.4room.ee\/wp-content\/uploads\/2022\/04\/a0ba32_c8b562483c9f482c98e59ddbab476623_mv2.webp\" alt=\"Korter Tallinnas\"\/><\/a>\r\n                    <\/div>\r\n                    <h2 class=\"cv-post-title\">\r\n                        <a href=\"https:\/\/blog.4room.ee\/en\/koik\/korter-tallinnas\/\" target=\"_self\">\r\n                            Apartment in Tallinn                        <\/a>\r\n                    <\/h2>\r\n                    <div class=\"cv-post-meta cv-meta-icon-show\">\r\n                                            <\/div>\r\n                <div class=\"cv-post-content\" itemprop=\"description\">This lovely apartment is decorated with 4ROOM luminaires. If you have any ideas that have not been fulfilled, then it won\u2019t be uncompleted by us!<\/div><div class=\"cv-read-more\"><a href=\"https:\/\/blog.4room.ee\/en\/koik\/korter-tallinnas\/\">Read more<i class=\"fas fa-arrow-right\"><\/i><\/a><\/div>                <\/article>\r\n            <\/div><\/div>\t\t<\/div>\n\t\t\t\t<\/div>\n\t\t\t\t\t<\/div>\n\t\t<\/div>\n\t\t\t\t\t<\/div>\n\t\t<\/section>\n\t\t\t\t<\/div>","protected":false},"excerpt":{"rendered":"<p>Kodu ja Aed 2018 Spirit Royal SPIRIT ROYALid ajaloolises keskkonnas. Ootamatu, aga v\u00e4ga v\u00e4rkselt m\u00f5juv kooslus. Valgustite sisemusse valitud vaskne metallik&hellip;Loe edasi SPIRIT ROYAL KUI L\u00dcHTER Selles Tallinna kodus on \u00fchte ruumi valitud 2 SPIRIT ROYAL l\u00fchtrit. Fotol on s\u00f6\u00f6gilaua kohal&hellip;Loe edasi Korter Tallinnas Armas korter sisustatud ainult 4ROOM valgustitega. Kui ka Sinul on idee, &hellip;<\/p>\n<p class=\"read-more\"> <a class=\"\" href=\"https:\/\/blog.4room.ee\/en\/koik\/korter-tallinnas\/\"> <span class=\"screen-reader-text\">Apartment in Tallinn<\/span> Read More &raquo;<\/a><\/p>","protected":false},"author":1,"featured_media":0,"parent":0,"menu_order":0,"comment_status":"closed","ping_status":"closed","template":"","meta":{"site-sidebar-layout":"default","site-content-layout":"default","ast-main-header-display":"","ast-hfb-above-header-display":"","ast-hfb-below-header-display":"","ast-hfb-mobile-header-display":"","site-post-title":"disabled","ast-breadcrumbs-content":"","ast-featured-img":"","footer-sml-layout":"","theme-transparent-header-meta":"default","adv-header-id-meta":"","stick-header-meta":"","header-above-stick-meta":"","header-main-stick-meta":"","header-below-stick-meta":"","ngg_post_thumbnail":0,"footnotes":""},"class_list":["post-199","page","type-page","status-publish","hentry"],"blog_post_layout_featured_media_urls":{"thumbnail":"","full":""},"categories_names":null,"comments_number":"0","_links":{"self":[{"href":"https:\/\/blog.4room.ee\/en\/wp-json\/wp\/v2\/pages\/199","targetHints":{"allow":["GET"]}}],"collection":[{"href":"https:\/\/blog.4room.ee\/en\/wp-json\/wp\/v2\/pages"}],"about":[{"href":"https:\/\/blog.4room.ee\/en\/wp-json\/wp\/v2\/types\/page"}],"author":[{"embeddable":true,"href":"https:\/\/blog.4room.ee\/en\/wp-json\/wp\/v2\/users\/1"}],"replies":[{"embeddable":true,"href":"https:\/\/blog.4room.ee\/en\/wp-json\/wp\/v2\/comments?post=199"}],"version-history":[{"count":11,"href":"https:\/\/blog.4room.ee\/en\/wp-json\/wp\/v2\/pages\/199\/revisions"}],"predecessor-version":[{"id":590,"href":"https:\/\/blog.4room.ee\/en\/wp-json\/wp\/v2\/pages\/199\/revisions\/590"}],"wp:attachment":[{"href":"https:\/\/blog.4room.ee\/en\/wp-json\/wp\/v2\/media?parent=199"}],"curies":[{"name":"wp","href":"https:\/\/api.w.org\/{rel}","templated":true}]}}