{"id":196,"date":"2022-04-06T08:01:59","date_gmt":"2022-04-06T08:01:59","guid":{"rendered":"https:\/\/blog.4room.ee\/?page_id=196"},"modified":"2022-04-08T20:17:47","modified_gmt":"2022-04-08T20:17:47","slug":"kohvikud","status":"publish","type":"page","link":"https:\/\/blog.4room.ee\/en\/kohvikud\/","title":{"rendered":"Cafes\/restaurants"},"content":{"rendered":"<div data-elementor-type=\"wp-page\" data-elementor-id=\"196\" class=\"elementor elementor-196\">\n\t\t\t\t\t\t<section class=\"elementor-section elementor-top-section elementor-element elementor-element-ba76b0b elementor-section-boxed elementor-section-height-default elementor-section-height-default\" data-id=\"ba76b0b\" data-element_type=\"section\">\n\t\t\t\t\t\t<div class=\"elementor-container elementor-column-gap-default\">\n\t\t\t\t\t<div class=\"elementor-column elementor-col-100 elementor-top-column elementor-element elementor-element-f9c8ec4\" data-id=\"f9c8ec4\" data-element_type=\"column\">\n\t\t\t<div class=\"elementor-widget-wrap elementor-element-populated\">\n\t\t\t\t\t\t<div class=\"elementor-element elementor-element-c71f470 elementor-widget elementor-widget-cv-masonry-blog-post-layout\" data-id=\"c71f470\" data-element_type=\"widget\" data-widget_type=\"cv-masonry-blog-post-layout.default\">\n\t\t\t\t<div class=\"elementor-widget-container\">\n\t\t\t<div id=\"cv-masonry-post-layout\" class=\"block-c71f470 cv-block cv-masonry-post-layout cv-block-masonry--layout-one cv-block-grid--layout-one\">    <div class=\"cv-post-wrapper cv-post--imagemargin column--three\">\r\n                        <article post-id=\"post-225\" class=\"cv-post post-format--standard\" itemscope itemtype=\"http:\/\/schema.org\/articleBody\">\r\n                                        <div class=\"cv-post-thumb\">\r\n                        <a href=\"https:\/\/blog.4room.ee\/en\/koik\/tassikoogid\/\"><img decoding=\"async\" src=\"https:\/\/blog.4room.ee\/wp-content\/uploads\/2022\/04\/a0ba32_960af729d89441f4872366556dd18848_mv2.jpeg\" alt=\"Tassikoogid\"\/><\/a>\r\n                    <\/div>\r\n                    <h2 class=\"cv-post-title\">\r\n                        <a href=\"https:\/\/blog.4room.ee\/en\/koik\/tassikoogid\/\" target=\"_self\">\r\n                            Tassikoogid                        <\/a>\r\n                    <\/h2>\r\n                    <div class=\"cv-post-meta cv-meta-icon-show\">\r\n                                            <\/div>\r\n                <div class=\"cv-post-content\" itemprop=\"description\">Our classic Antique chandelier in a new appearance. If you want to admire them with your own eyes, while having a delicious cake, then make your way to the old town, to a cafe called Tassikoogid.<\/div><div class=\"cv-read-more\"><a href=\"https:\/\/blog.4room.ee\/en\/koik\/tassikoogid\/\">Read more<i class=\"fas fa-arrow-right\"><\/i><\/a><\/div>                <\/article>\r\n                        <article post-id=\"post-214\" class=\"cv-post post-format--standard\" itemscope itemtype=\"http:\/\/schema.org\/articleBody\">\r\n                                        <div class=\"cv-post-thumb\">\r\n                        <a href=\"https:\/\/blog.4room.ee\/en\/koik\/susi-grill-chill\/\"><img decoding=\"async\" src=\"https:\/\/blog.4room.ee\/wp-content\/uploads\/2022\/04\/a0ba32_d5be1f9af54c405a8e18dc184502b648_mv2-e1649232382785.webp\" alt=\"S\u00dcSI Grill &#038; Chill\"\/><\/a>\r\n                    <\/div>\r\n                    <h2 class=\"cv-post-title\">\r\n                        <a href=\"https:\/\/blog.4room.ee\/en\/koik\/susi-grill-chill\/\" target=\"_self\">\r\n                            S\u00dcSI Grill &#038; Chill                        <\/a>\r\n                    <\/h2>\r\n                    <div class=\"cv-post-meta cv-meta-icon-show\">\r\n                                            <\/div>\r\n                <div class=\"cv-post-content\" itemprop=\"description\">Our Spirit Royal really gives a prestigious feel. This time it lights up the environment at a restaurant called S\u00fcsi Grill ja Chill.<\/div><div class=\"cv-read-more\"><a href=\"https:\/\/blog.4room.ee\/en\/koik\/susi-grill-chill\/\">Read more<i class=\"fas fa-arrow-right\"><\/i><\/a><\/div>                <\/article>\r\n            <\/div><\/div>\t\t<\/div>\n\t\t\t\t<\/div>\n\t\t\t\t\t<\/div>\n\t\t<\/div>\n\t\t\t\t\t<\/div>\n\t\t<\/section>\n\t\t\t\t<\/div>","protected":false},"excerpt":{"rendered":"<p>Tassikoogid Klassikaks saanud Antique sootuks uues kuues. Kes oma silmaga veenduda soovib, seab sammud vanalinna Tassikoogid&hellip;Loe edasi S\u00dcSI Grill &#038; Chill 4ROOMi kuningliku olekuga SPIRIT ROYALid restoranis S\u00fcsi Grill ja Chill. Pildid v\u00f5etud: https:\/\/www.almarefood.ee\/sysigrill\/Loe edasi<\/p>","protected":false},"author":1,"featured_media":0,"parent":0,"menu_order":0,"comment_status":"closed","ping_status":"closed","template":"","meta":{"site-sidebar-layout":"default","site-content-layout":"default","ast-main-header-display":"","ast-hfb-above-header-display":"","ast-hfb-below-header-display":"","ast-hfb-mobile-header-display":"","site-post-title":"disabled","ast-breadcrumbs-content":"","ast-featured-img":"","footer-sml-layout":"","theme-transparent-header-meta":"default","adv-header-id-meta":"","stick-header-meta":"","header-above-stick-meta":"","header-main-stick-meta":"","header-below-stick-meta":"","ngg_post_thumbnail":0,"footnotes":""},"class_list":["post-196","page","type-page","status-publish","hentry"],"blog_post_layout_featured_media_urls":{"thumbnail":"","full":""},"categories_names":null,"comments_number":"0","_links":{"self":[{"href":"https:\/\/blog.4room.ee\/en\/wp-json\/wp\/v2\/pages\/196","targetHints":{"allow":["GET"]}}],"collection":[{"href":"https:\/\/blog.4room.ee\/en\/wp-json\/wp\/v2\/pages"}],"about":[{"href":"https:\/\/blog.4room.ee\/en\/wp-json\/wp\/v2\/types\/page"}],"author":[{"embeddable":true,"href":"https:\/\/blog.4room.ee\/en\/wp-json\/wp\/v2\/users\/1"}],"replies":[{"embeddable":true,"href":"https:\/\/blog.4room.ee\/en\/wp-json\/wp\/v2\/comments?post=196"}],"version-history":[{"count":12,"href":"https:\/\/blog.4room.ee\/en\/wp-json\/wp\/v2\/pages\/196\/revisions"}],"predecessor-version":[{"id":584,"href":"https:\/\/blog.4room.ee\/en\/wp-json\/wp\/v2\/pages\/196\/revisions\/584"}],"wp:attachment":[{"href":"https:\/\/blog.4room.ee\/en\/wp-json\/wp\/v2\/media?parent=196"}],"curies":[{"name":"wp","href":"https:\/\/api.w.org\/{rel}","templated":true}]}}