{"id":140,"date":"2022-04-05T06:21:45","date_gmt":"2022-04-05T06:21:45","guid":{"rendered":"https:\/\/blog.4room.ee\/?page_id=140"},"modified":"2022-04-08T20:16:59","modified_gmt":"2022-04-08T20:16:59","slug":"projektid","status":"publish","type":"page","link":"https:\/\/blog.4room.ee\/en\/projektid\/","title":{"rendered":"Projects"},"content":{"rendered":"<div data-elementor-type=\"wp-page\" data-elementor-id=\"140\" class=\"elementor elementor-140\">\n\t\t\t\t\t\t<section class=\"elementor-section elementor-top-section elementor-element elementor-element-a362b46 elementor-section-boxed elementor-section-height-default elementor-section-height-default\" data-id=\"a362b46\" data-element_type=\"section\">\n\t\t\t\t\t\t<div class=\"elementor-container elementor-column-gap-default\">\n\t\t\t\t\t<div class=\"elementor-column elementor-col-100 elementor-top-column elementor-element elementor-element-d7e3951\" data-id=\"d7e3951\" data-element_type=\"column\">\n\t\t\t<div class=\"elementor-widget-wrap elementor-element-populated\">\n\t\t\t\t\t\t<div class=\"elementor-element elementor-element-1dec7ad elementor-widget elementor-widget-cv-masonry-blog-post-layout\" data-id=\"1dec7ad\" data-element_type=\"widget\" data-widget_type=\"cv-masonry-blog-post-layout.default\">\n\t\t\t\t<div class=\"elementor-widget-container\">\n\t\t\t<div id=\"cv-masonry-post-layout\" class=\"block-1dec7ad cv-block cv-masonry-post-layout cv-block-masonry--layout-one cv-block-grid--layout-one\">    <div class=\"cv-post-wrapper cv-post--imagemargin column--three\">\r\n                        <article post-id=\"post-373\" class=\"cv-post post-format--standard\" itemscope itemtype=\"http:\/\/schema.org\/articleBody\">\r\n                                        <div class=\"cv-post-thumb\">\r\n                        <a href=\"https:\/\/blog.4room.ee\/en\/koik\/kodu-ja-aed-2018-spirit-royal\/\"><img decoding=\"async\" src=\"https:\/\/blog.4room.ee\/wp-content\/uploads\/2022\/04\/a0ba32_032eebe694ae495f89abc3e221568522_mv2.jpeg\" alt=\"Kodu ja Aed 2018 Spirit Royal\"\/><\/a>\r\n                    <\/div>\r\n                    <h2 class=\"cv-post-title\">\r\n                        <a href=\"https:\/\/blog.4room.ee\/en\/koik\/kodu-ja-aed-2018-spirit-royal\/\" target=\"_self\">\r\n                            Magazine \"Home and Garden\" 2018                        <\/a>\r\n                    <\/h2>\r\n                    <div class=\"cv-post-meta cv-meta-icon-show\">\r\n                                            <\/div>\r\n                <div class=\"cv-post-content\" itemprop=\"description\">SPIRIT ROYAL in an historic environment. It is an unexpected, but newly effective combination.<\/div><div class=\"cv-read-more\"><a href=\"https:\/\/blog.4room.ee\/en\/koik\/kodu-ja-aed-2018-spirit-royal\/\">Read more<i class=\"fas fa-arrow-right\"><\/i><\/a><\/div>                <\/article>\r\n                        <article post-id=\"post-256\" class=\"cv-post post-format--standard\" itemscope itemtype=\"http:\/\/schema.org\/articleBody\">\r\n                                        <div class=\"cv-post-thumb\">\r\n                        <a href=\"https:\/\/blog.4room.ee\/en\/koik\/erm\/\"><img decoding=\"async\" src=\"https:\/\/blog.4room.ee\/wp-content\/uploads\/2022\/04\/42503683932_ae722b691e_c.jpg\" alt=\"ERM\"\/><\/a>\r\n                    <\/div>\r\n                    <h2 class=\"cv-post-title\">\r\n                        <a href=\"https:\/\/blog.4room.ee\/en\/koik\/erm\/\" target=\"_self\">\r\n                            Estonian National Museum                        <\/a>\r\n                    <\/h2>\r\n                    <div class=\"cv-post-meta cv-meta-icon-show\">\r\n                                            <\/div>\r\n                <div class=\"cv-post-content\" itemprop=\"description\">4ROOM is so proud of the Estonian National Museum that opened its doors to the public in October 2016.<\/div><div class=\"cv-read-more\"><a href=\"https:\/\/blog.4room.ee\/en\/koik\/erm\/\">Read more<i class=\"fas fa-arrow-right\"><\/i><\/a><\/div>                <\/article>\r\n                        <article post-id=\"post-253\" class=\"cv-post post-format--standard\" itemscope itemtype=\"http:\/\/schema.org\/articleBody\">\r\n                                        <div class=\"cv-post-thumb\">\r\n                        <a href=\"https:\/\/blog.4room.ee\/en\/koik\/centennial-hotel\/\"><img decoding=\"async\" src=\"https:\/\/blog.4room.ee\/wp-content\/uploads\/2022\/04\/Superior-room-ava-slider-1-min.png\" alt=\"Centennial hotel\"\/><\/a>\r\n                    <\/div>\r\n                    <h2 class=\"cv-post-title\">\r\n                        <a href=\"https:\/\/blog.4room.ee\/en\/koik\/centennial-hotel\/\" target=\"_self\">\r\n                            Centennial hotel                        <\/a>\r\n                    <\/h2>\r\n                    <div class=\"cv-post-meta cv-meta-icon-show\">\r\n                                            <\/div>\r\n                <div class=\"cv-post-content\" itemprop=\"description\">We can be proud of the collaboration with Centennial Hotel. Hotel opened its doors on the 15th of August in 2017.<\/div><div class=\"cv-read-more\"><a href=\"https:\/\/blog.4room.ee\/en\/koik\/centennial-hotel\/\">Read more<i class=\"fas fa-arrow-right\"><\/i><\/a><\/div>                <\/article>\r\n                        <article post-id=\"post-250\" class=\"cv-post post-format--standard\" itemscope itemtype=\"http:\/\/schema.org\/articleBody\">\r\n                                        <div class=\"cv-post-thumb\">\r\n                        <a href=\"https:\/\/blog.4room.ee\/en\/koik\/strand-hotell\/\"><img decoding=\"async\" src=\"https:\/\/blog.4room.ee\/wp-content\/uploads\/2022\/04\/a0ba32_6c8fef85d89a48d4a562db2bcc057199_mv2-scaled.webp\" alt=\"Strand Hotell\"\/><\/a>\r\n                    <\/div>\r\n                    <h2 class=\"cv-post-title\">\r\n                        <a href=\"https:\/\/blog.4room.ee\/en\/koik\/strand-hotell\/\" target=\"_self\">\r\n                            Strand Hotel                        <\/a>\r\n                    <\/h2>\r\n                    <div class=\"cv-post-meta cv-meta-icon-show\">\r\n                                            <\/div>\r\n                <div class=\"cv-post-content\" itemprop=\"description\">Our luminaires lighting the interiors of the Strand hotel.<\/div><div class=\"cv-read-more\"><a href=\"https:\/\/blog.4room.ee\/en\/koik\/strand-hotell\/\">Read more<i class=\"fas fa-arrow-right\"><\/i><\/a><\/div>                <\/article>\r\n                        <article post-id=\"post-247\" class=\"cv-post post-format--standard\" itemscope itemtype=\"http:\/\/schema.org\/articleBody\">\r\n                                        <div class=\"cv-post-thumb\">\r\n                        <a href=\"https:\/\/blog.4room.ee\/en\/koik\/adami-talu\/\"><img decoding=\"async\" src=\"https:\/\/blog.4room.ee\/wp-content\/uploads\/2022\/04\/164331399_208790324203586_4130087344210431872_n.jpeg\" alt=\"Adami Talu\"\/><\/a>\r\n                    <\/div>\r\n                    <h2 class=\"cv-post-title\">\r\n                        <a href=\"https:\/\/blog.4room.ee\/en\/koik\/adami-talu\/\" target=\"_self\">\r\n                            Adami Country Guesthouse                        <\/a>\r\n                    <\/h2>\r\n                    <div class=\"cv-post-meta cv-meta-icon-show\">\r\n                                            <\/div>\r\n                <div class=\"cv-post-content\" itemprop=\"description\">Our luminaires represented at the cozy Adami Country Guesthouse&nbsp;<\/div><div class=\"cv-read-more\"><a href=\"https:\/\/blog.4room.ee\/en\/koik\/adami-talu\/\">Read more<i class=\"fas fa-arrow-right\"><\/i><\/a><\/div>                <\/article>\r\n                        <article post-id=\"post-232\" class=\"cv-post post-format--standard\" itemscope itemtype=\"http:\/\/schema.org\/articleBody\">\r\n                                        <div class=\"cv-post-thumb\">\r\n                        <a href=\"https:\/\/blog.4room.ee\/en\/koik\/spirit-royal-kui-luhter\/\"><img decoding=\"async\" src=\"https:\/\/blog.4room.ee\/wp-content\/uploads\/2022\/04\/a0ba32_c0451aabcafb4c449f6d6d64e595c9e2_mv2.png\" alt=\"SPIRIT ROYAL KUI L\u00dcHTER\"\/><\/a>\r\n                    <\/div>\r\n                    <h2 class=\"cv-post-title\">\r\n                        <a href=\"https:\/\/blog.4room.ee\/en\/koik\/spirit-royal-kui-luhter\/\" target=\"_self\">\r\n                            Spirit Royal as a chandelier                        <\/a>\r\n                    <\/h2>\r\n                    <div class=\"cv-post-meta cv-meta-icon-show\">\r\n                                            <\/div>\r\n                <div class=\"cv-post-content\" itemprop=\"description\">In this home, located in Tallinn, are chosen two SPIRIT ROYAL chandeliers. In the photo, above the dining table, is the smaller one in the color Monaco gray.<\/div><div class=\"cv-read-more\"><a href=\"https:\/\/blog.4room.ee\/en\/koik\/spirit-royal-kui-luhter\/\">Read more<i class=\"fas fa-arrow-right\"><\/i><\/a><\/div>                <\/article>\r\n                        <article post-id=\"post-229\" class=\"cv-post post-format--standard\" itemscope itemtype=\"http:\/\/schema.org\/articleBody\">\r\n                                        <div class=\"cv-post-thumb\">\r\n                        <a href=\"https:\/\/blog.4room.ee\/en\/koik\/korter-tallinnas\/\"><img decoding=\"async\" src=\"https:\/\/blog.4room.ee\/wp-content\/uploads\/2022\/04\/a0ba32_c8b562483c9f482c98e59ddbab476623_mv2.webp\" alt=\"Korter Tallinnas\"\/><\/a>\r\n                    <\/div>\r\n                    <h2 class=\"cv-post-title\">\r\n                        <a href=\"https:\/\/blog.4room.ee\/en\/koik\/korter-tallinnas\/\" target=\"_self\">\r\n                            Apartment in Tallinn                        <\/a>\r\n                    <\/h2>\r\n                    <div class=\"cv-post-meta cv-meta-icon-show\">\r\n                                            <\/div>\r\n                <div class=\"cv-post-content\" itemprop=\"description\">This lovely apartment is decorated with 4ROOM luminaires. If you have any ideas that have not been fulfilled, then it won\u2019t be uncompleted by us!<\/div><div class=\"cv-read-more\"><a href=\"https:\/\/blog.4room.ee\/en\/koik\/korter-tallinnas\/\">Read more<i class=\"fas fa-arrow-right\"><\/i><\/a><\/div>                <\/article>\r\n                        <article post-id=\"post-225\" class=\"cv-post post-format--standard\" itemscope itemtype=\"http:\/\/schema.org\/articleBody\">\r\n                                        <div class=\"cv-post-thumb\">\r\n                        <a href=\"https:\/\/blog.4room.ee\/en\/koik\/tassikoogid\/\"><img decoding=\"async\" src=\"https:\/\/blog.4room.ee\/wp-content\/uploads\/2022\/04\/a0ba32_960af729d89441f4872366556dd18848_mv2.jpeg\" alt=\"Tassikoogid\"\/><\/a>\r\n                    <\/div>\r\n                    <h2 class=\"cv-post-title\">\r\n                        <a href=\"https:\/\/blog.4room.ee\/en\/koik\/tassikoogid\/\" target=\"_self\">\r\n                            Tassikoogid                        <\/a>\r\n                    <\/h2>\r\n                    <div class=\"cv-post-meta cv-meta-icon-show\">\r\n                                            <\/div>\r\n                <div class=\"cv-post-content\" itemprop=\"description\">Our classic Antique chandelier in a new appearance. If you want to admire them with your own eyes, while having a delicious cake, then make your way to the old town, to a cafe called Tassikoogid.<\/div><div class=\"cv-read-more\"><a href=\"https:\/\/blog.4room.ee\/en\/koik\/tassikoogid\/\">Read more<i class=\"fas fa-arrow-right\"><\/i><\/a><\/div>                <\/article>\r\n                        <article post-id=\"post-222\" class=\"cv-post post-format--standard\" itemscope itemtype=\"http:\/\/schema.org\/articleBody\">\r\n                                        <div class=\"cv-post-thumb\">\r\n                        <a href=\"https:\/\/blog.4room.ee\/en\/koik\/hotell-euroopa\/\"><img decoding=\"async\" src=\"https:\/\/blog.4room.ee\/wp-content\/uploads\/2022\/04\/a0ba32_10f52e46abf849cbafb0da26b92010fb_mv2.jpeg\" alt=\"Hotell Euroopa\"\/><\/a>\r\n                    <\/div>\r\n                    <h2 class=\"cv-post-title\">\r\n                        <a href=\"https:\/\/blog.4room.ee\/en\/koik\/hotell-euroopa\/\" target=\"_self\">\r\n                            Hotel Europe                        <\/a>\r\n                    <\/h2>\r\n                    <div class=\"cv-post-meta cv-meta-icon-show\">\r\n                                            <\/div>\r\n                <div class=\"cv-post-content\" itemprop=\"description\">Entering Hotel Europe, the first thing you are going to see are our playful luminaires.<\/div><div class=\"cv-read-more\"><a href=\"https:\/\/blog.4room.ee\/en\/koik\/hotell-euroopa\/\">Read more<i class=\"fas fa-arrow-right\"><\/i><\/a><\/div>                <\/article>\r\n                        <article post-id=\"post-214\" class=\"cv-post post-format--standard\" itemscope itemtype=\"http:\/\/schema.org\/articleBody\">\r\n                                        <div class=\"cv-post-thumb\">\r\n                        <a href=\"https:\/\/blog.4room.ee\/en\/koik\/susi-grill-chill\/\"><img decoding=\"async\" src=\"https:\/\/blog.4room.ee\/wp-content\/uploads\/2022\/04\/a0ba32_d5be1f9af54c405a8e18dc184502b648_mv2-e1649232382785.webp\" alt=\"S\u00dcSI Grill &#038; Chill\"\/><\/a>\r\n                    <\/div>\r\n                    <h2 class=\"cv-post-title\">\r\n                        <a href=\"https:\/\/blog.4room.ee\/en\/koik\/susi-grill-chill\/\" target=\"_self\">\r\n                            S\u00dcSI Grill &#038; Chill                        <\/a>\r\n                    <\/h2>\r\n                    <div class=\"cv-post-meta cv-meta-icon-show\">\r\n                                            <\/div>\r\n                <div class=\"cv-post-content\" itemprop=\"description\">Our Spirit Royal really gives a prestigious feel. This time it lights up the environment at a restaurant called S\u00fcsi Grill ja Chill.<\/div><div class=\"cv-read-more\"><a href=\"https:\/\/blog.4room.ee\/en\/koik\/susi-grill-chill\/\">Read more<i class=\"fas fa-arrow-right\"><\/i><\/a><\/div>                <\/article>\r\n            <\/div><\/div>\t\t<\/div>\n\t\t\t\t<\/div>\n\t\t\t\t\t<\/div>\n\t\t<\/div>\n\t\t\t\t\t<\/div>\n\t\t<\/section>\n\t\t\t\t<\/div>","protected":false},"excerpt":{"rendered":"<p>Kodu ja Aed 2018 Spirit Royal SPIRIT ROYALid ajaloolises keskkonnas. Ootamatu, aga v\u00e4ga v\u00e4rkselt m\u00f5juv kooslus. Valgustite sisemusse valitud vaskne metallik&hellip;Loe edasi ERM 4ROOM on uhke Eesti Rahva Muuseumi \u00fcle, mis avas avalikkusele uksed 2016. aasta oktoobris. N\u00e4itused&hellip;Loe edasi Centennial hotel Saame uhked olla koost\u00f6\u00f6 \u00fcle Centennial hotelli tubade valgustamisel. Hotell avas k\u00fclalistele uksed 15. &hellip;<\/p>\n<p class=\"read-more\"> <a class=\"\" href=\"https:\/\/blog.4room.ee\/en\/koik\/susi-grill-chill\/\"> <span class=\"screen-reader-text\">S\u00dcSI Grill &#038; Chill<\/span> Read More &raquo;<\/a><\/p>","protected":false},"author":1,"featured_media":0,"parent":0,"menu_order":0,"comment_status":"closed","ping_status":"closed","template":"","meta":{"site-sidebar-layout":"default","site-content-layout":"default","ast-main-header-display":"","ast-hfb-above-header-display":"","ast-hfb-below-header-display":"","ast-hfb-mobile-header-display":"","site-post-title":"disabled","ast-breadcrumbs-content":"","ast-featured-img":"","footer-sml-layout":"","theme-transparent-header-meta":"default","adv-header-id-meta":"","stick-header-meta":"","header-above-stick-meta":"","header-main-stick-meta":"","header-below-stick-meta":"","ngg_post_thumbnail":0,"footnotes":""},"class_list":["post-140","page","type-page","status-publish","hentry"],"blog_post_layout_featured_media_urls":{"thumbnail":"","full":""},"categories_names":null,"comments_number":"0","_links":{"self":[{"href":"https:\/\/blog.4room.ee\/en\/wp-json\/wp\/v2\/pages\/140","targetHints":{"allow":["GET"]}}],"collection":[{"href":"https:\/\/blog.4room.ee\/en\/wp-json\/wp\/v2\/pages"}],"about":[{"href":"https:\/\/blog.4room.ee\/en\/wp-json\/wp\/v2\/types\/page"}],"author":[{"embeddable":true,"href":"https:\/\/blog.4room.ee\/en\/wp-json\/wp\/v2\/users\/1"}],"replies":[{"embeddable":true,"href":"https:\/\/blog.4room.ee\/en\/wp-json\/wp\/v2\/comments?post=140"}],"version-history":[{"count":11,"href":"https:\/\/blog.4room.ee\/en\/wp-json\/wp\/v2\/pages\/140\/revisions"}],"predecessor-version":[{"id":578,"href":"https:\/\/blog.4room.ee\/en\/wp-json\/wp\/v2\/pages\/140\/revisions\/578"}],"wp:attachment":[{"href":"https:\/\/blog.4room.ee\/en\/wp-json\/wp\/v2\/media?parent=140"}],"curies":[{"name":"wp","href":"https:\/\/api.w.org\/{rel}","templated":true}]}}