{"id":138,"date":"2022-04-05T06:21:19","date_gmt":"2022-04-05T06:21:19","guid":{"rendered":"https:\/\/blog.4room.ee\/?page_id=138"},"modified":"2022-04-08T20:21:26","modified_gmt":"2022-04-08T20:21:26","slug":"koik","status":"publish","type":"page","link":"https:\/\/blog.4room.ee\/en\/","title":{"rendered":"Latest posts"},"content":{"rendered":"<div data-elementor-type=\"wp-post\" data-elementor-id=\"138\" class=\"elementor elementor-138\">\n\t\t\t\t\t\t<section class=\"elementor-section elementor-top-section elementor-element elementor-element-ed51360 elementor-section-boxed elementor-section-height-default elementor-section-height-default\" data-id=\"ed51360\" data-element_type=\"section\">\n\t\t\t\t\t\t<div class=\"elementor-container elementor-column-gap-default\">\n\t\t\t\t\t<div class=\"elementor-column elementor-col-100 elementor-top-column elementor-element elementor-element-aefaadd\" data-id=\"aefaadd\" data-element_type=\"column\">\n\t\t\t<div class=\"elementor-widget-wrap elementor-element-populated\">\n\t\t\t\t\t\t<div class=\"elementor-element elementor-element-ef2e6f5 elementor-widget elementor-widget-cv-masonry-blog-post-layout\" data-id=\"ef2e6f5\" data-element_type=\"widget\" data-widget_type=\"cv-masonry-blog-post-layout.default\">\n\t\t\t\t<div class=\"elementor-widget-container\">\n\t\t\t<div id=\"cv-masonry-post-layout\" class=\"block-ef2e6f5 cv-block cv-masonry-post-layout cv-block-masonry--layout-one cv-block-grid--layout-one\">    <div class=\"cv-post-wrapper cv-post--imagemargin column--three\">\r\n                        <article post-id=\"post-623\" class=\"cv-post post-format--standard\" itemscope itemtype=\"http:\/\/schema.org\/articleBody\">\r\n                                        <div class=\"cv-post-thumb\">\r\n                        <a href=\"https:\/\/blog.4room.ee\/en\/koik\/2024-brusseli-mess-bellusega\/\"><img decoding=\"async\" src=\"https:\/\/blog.4room.ee\/wp-content\/uploads\/2024\/11\/photo-92_websize.jpg\" alt=\"2024 Br\u00fcsseli mess Bellusega\"\/><\/a>\r\n                    <\/div>\r\n                    <h2 class=\"cv-post-title\">\r\n                        <a href=\"https:\/\/blog.4room.ee\/en\/koik\/2024-brusseli-mess-bellusega\/\" target=\"_self\">\r\n                            2024 Brussels furniture fair                        <\/a>\r\n                    <\/h2>\r\n                    <div class=\"cv-post-meta cv-meta-icon-show\">\r\n                                            <\/div>\r\n                <div class=\"cv-post-content\" itemprop=\"description\">Furniture fair in Brussels with Bellus.<\/div><div class=\"cv-read-more\"><a href=\"https:\/\/blog.4room.ee\/en\/koik\/2024-brusseli-mess-bellusega\/\">Read more<i class=\"fas fa-arrow-right\"><\/i><\/a><\/div>                <\/article>\r\n                        <article post-id=\"post-373\" class=\"cv-post post-format--standard\" itemscope itemtype=\"http:\/\/schema.org\/articleBody\">\r\n                                        <div class=\"cv-post-thumb\">\r\n                        <a href=\"https:\/\/blog.4room.ee\/en\/koik\/kodu-ja-aed-2018-spirit-royal\/\"><img decoding=\"async\" src=\"https:\/\/blog.4room.ee\/wp-content\/uploads\/2022\/04\/a0ba32_032eebe694ae495f89abc3e221568522_mv2.jpeg\" alt=\"Kodu ja Aed 2018 Spirit Royal\"\/><\/a>\r\n                    <\/div>\r\n                    <h2 class=\"cv-post-title\">\r\n                        <a href=\"https:\/\/blog.4room.ee\/en\/koik\/kodu-ja-aed-2018-spirit-royal\/\" target=\"_self\">\r\n                            Magazine \"Home and Garden\" 2018                        <\/a>\r\n                    <\/h2>\r\n                    <div class=\"cv-post-meta cv-meta-icon-show\">\r\n                                            <\/div>\r\n                <div class=\"cv-post-content\" itemprop=\"description\">SPIRIT ROYAL in an historic environment. It is an unexpected, but newly effective combination.<\/div><div class=\"cv-read-more\"><a href=\"https:\/\/blog.4room.ee\/en\/koik\/kodu-ja-aed-2018-spirit-royal\/\">Read more<i class=\"fas fa-arrow-right\"><\/i><\/a><\/div>                <\/article>\r\n                        <article post-id=\"post-287\" class=\"cv-post post-format--standard\" itemscope itemtype=\"http:\/\/schema.org\/articleBody\">\r\n                                        <div class=\"cv-post-thumb\">\r\n                        <a href=\"https:\/\/blog.4room.ee\/en\/koik\/2020-stockholmi-sisustusmess\/\"><img decoding=\"async\" src=\"https:\/\/blog.4room.ee\/wp-content\/uploads\/2022\/04\/a0ba32_e438992b73f0411eb0b1345df69bccb2_mv2.png\" alt=\"2020 Stockholmi sisustusmess\"\/><\/a>\r\n                    <\/div>\r\n                    <h2 class=\"cv-post-title\">\r\n                        <a href=\"https:\/\/blog.4room.ee\/en\/koik\/2020-stockholmi-sisustusmess\/\" target=\"_self\">\r\n                            2020 Stockholm interior fair                        <\/a>\r\n                    <\/h2>\r\n                    <div class=\"cv-post-meta cv-meta-icon-show\">\r\n                                            <\/div>\r\n                <div class=\"cv-post-content\" itemprop=\"description\">Enjoyable memories from the Stockholm interior fair. We hope that you might find some inspiration for your own home from here as well.<\/div><div class=\"cv-read-more\"><a href=\"https:\/\/blog.4room.ee\/en\/koik\/2020-stockholmi-sisustusmess\/\">Read more<i class=\"fas fa-arrow-right\"><\/i><\/a><\/div>                <\/article>\r\n                        <article post-id=\"post-284\" class=\"cv-post post-format--standard\" itemscope itemtype=\"http:\/\/schema.org\/articleBody\">\r\n                                        <div class=\"cv-post-thumb\">\r\n                        <a href=\"https:\/\/blog.4room.ee\/en\/koik\/2020-kolni-mess-bellusega\/\"><img decoding=\"async\" src=\"https:\/\/blog.4room.ee\/wp-content\/uploads\/2022\/04\/a0ba32_3d82ce753e8443f9a83ed93250249753_mv2.png\" alt=\"2020 K\u00f6lni mess Bellusega\"\/><\/a>\r\n                    <\/div>\r\n                    <h2 class=\"cv-post-title\">\r\n                        <a href=\"https:\/\/blog.4room.ee\/en\/koik\/2020-kolni-mess-bellusega\/\" target=\"_self\">\r\n                            2020 Cologne fair with Bellus furniture                        <\/a>\r\n                    <\/h2>\r\n                    <div class=\"cv-post-meta cv-meta-icon-show\">\r\n                                            <\/div>\r\n                <div class=\"cv-post-content\" itemprop=\"description\">At the Cologne fair, there has been a colour explosion and fun contrasts with Bellus furniture.<\/div><div class=\"cv-read-more\"><a href=\"https:\/\/blog.4room.ee\/en\/koik\/2020-kolni-mess-bellusega\/\">Read more<i class=\"fas fa-arrow-right\"><\/i><\/a><\/div>                <\/article>\r\n                        <article post-id=\"post-281\" class=\"cv-post post-format--standard\" itemscope itemtype=\"http:\/\/schema.org\/articleBody\">\r\n                                        <div class=\"cv-post-thumb\">\r\n                        <a href=\"https:\/\/blog.4room.ee\/en\/koik\/2019-bad-salzuflen-bellusega\/\"><img decoding=\"async\" src=\"https:\/\/blog.4room.ee\/wp-content\/uploads\/2022\/04\/a0ba32_a357c3e7300344d09bb37bb83733ae1c_mv2.png\" alt=\"2019 Bad Salzuflen Bellusega\"\/><\/a>\r\n                    <\/div>\r\n                    <h2 class=\"cv-post-title\">\r\n                        <a href=\"https:\/\/blog.4room.ee\/en\/koik\/2019-bad-salzuflen-bellusega\/\" target=\"_self\">\r\n                            2019 Bad Salzuflen with Bellus                        <\/a>\r\n                    <\/h2>\r\n                    <div class=\"cv-post-meta cv-meta-icon-show\">\r\n                                            <\/div>\r\n                <div class=\"cv-post-content\" itemprop=\"description\">Ideas for different interior designs.<\/div><div class=\"cv-read-more\"><a href=\"https:\/\/blog.4room.ee\/en\/koik\/2019-bad-salzuflen-bellusega\/\">Read more<i class=\"fas fa-arrow-right\"><\/i><\/a><\/div>                <\/article>\r\n                        <article post-id=\"post-278\" class=\"cv-post post-format--standard\" itemscope itemtype=\"http:\/\/schema.org\/articleBody\">\r\n                                        <div class=\"cv-post-thumb\">\r\n                        <a href=\"https:\/\/blog.4room.ee\/en\/koik\/2019-tallinna-sisustusmess\/\"><img decoding=\"async\" src=\"https:\/\/blog.4room.ee\/wp-content\/uploads\/2022\/04\/a0ba32_b483c8c483f74603a6f65f4ed7478cd5_mv2.webp\" alt=\"2019 Tallinna sisustusmess\"\/><\/a>\r\n                    <\/div>\r\n                    <h2 class=\"cv-post-title\">\r\n                        <a href=\"https:\/\/blog.4room.ee\/en\/koik\/2019-tallinna-sisustusmess\/\" target=\"_self\">\r\n                            2019 Tallinn interior fair                        <\/a>\r\n                    <\/h2>\r\n                    <div class=\"cv-post-meta cv-meta-icon-show\">\r\n                                            <\/div>\r\n                <div class=\"cv-post-content\" itemprop=\"description\">4ROOM luminaires complimenting the colours and materials around them and vice versa.<\/div><div class=\"cv-read-more\"><a href=\"https:\/\/blog.4room.ee\/en\/koik\/2019-tallinna-sisustusmess\/\">Read more<i class=\"fas fa-arrow-right\"><\/i><\/a><\/div>                <\/article>\r\n                        <article post-id=\"post-275\" class=\"cv-post post-format--standard\" itemscope itemtype=\"http:\/\/schema.org\/articleBody\">\r\n                                        <div class=\"cv-post-thumb\">\r\n                        <a href=\"https:\/\/blog.4room.ee\/en\/koik\/4room-milanos-sisustus-ja-valgustusmessil-euroluce-2019\/\"><img decoding=\"async\" src=\"https:\/\/blog.4room.ee\/wp-content\/uploads\/2022\/04\/a0ba32_ce7944d74cb24888a013287216c9017b_mv2.webp\" alt=\"4ROOM Milanos sisustus- ja valgustusmessil EUROLUCE  2019\"\/><\/a>\r\n                    <\/div>\r\n                    <h2 class=\"cv-post-title\">\r\n                        <a href=\"https:\/\/blog.4room.ee\/en\/koik\/4room-milanos-sisustus-ja-valgustusmessil-euroluce-2019\/\" target=\"_self\">\r\n                            4ROOM at Milano fair EUROLUCE 2019                        <\/a>\r\n                    <\/h2>\r\n                    <div class=\"cv-post-meta cv-meta-icon-show\">\r\n                                            <\/div>\r\n                <div class=\"cv-post-content\" itemprop=\"description\">In the Spring of 2019. 4ROOM achieved one of its goals by participating at the most important luminaire fair in Milan, Euroluce.<\/div><div class=\"cv-read-more\"><a href=\"https:\/\/blog.4room.ee\/en\/koik\/4room-milanos-sisustus-ja-valgustusmessil-euroluce-2019\/\">Read more<i class=\"fas fa-arrow-right\"><\/i><\/a><\/div>                <\/article>\r\n                        <article post-id=\"post-272\" class=\"cv-post post-format--standard\" itemscope itemtype=\"http:\/\/schema.org\/articleBody\">\r\n                                        <div class=\"cv-post-thumb\">\r\n                        <a href=\"https:\/\/blog.4room.ee\/en\/koik\/2019-stockholmi-sisustusmess\/\"><img decoding=\"async\" src=\"https:\/\/blog.4room.ee\/wp-content\/uploads\/2022\/04\/a0ba32_2c071d2f98a74d3897e7ce9934e07db0_mv2.webp\" alt=\"2019 Stockholmi sisustusmess\"\/><\/a>\r\n                    <\/div>\r\n                    <h2 class=\"cv-post-title\">\r\n                        <a href=\"https:\/\/blog.4room.ee\/en\/koik\/2019-stockholmi-sisustusmess\/\" target=\"_self\">\r\n                            2020 Stockholm interior fair                        <\/a>\r\n                    <\/h2>\r\n                    <div class=\"cv-post-meta cv-meta-icon-show\">\r\n                                            <\/div>\r\n                <div class=\"cv-post-content\" itemprop=\"description\">The play of colours and shapes at the Stockholm interior fair.<\/div><div class=\"cv-read-more\"><a href=\"https:\/\/blog.4room.ee\/en\/koik\/2019-stockholmi-sisustusmess\/\">Read more<i class=\"fas fa-arrow-right\"><\/i><\/a><\/div>                <\/article>\r\n                        <article post-id=\"post-269\" class=\"cv-post post-format--standard\" itemscope itemtype=\"http:\/\/schema.org\/articleBody\">\r\n                                        <div class=\"cv-post-thumb\">\r\n                        <a href=\"https:\/\/blog.4room.ee\/en\/koik\/2019-kolni-mess-bellusega\/\"><img decoding=\"async\" src=\"https:\/\/blog.4room.ee\/wp-content\/uploads\/2022\/04\/a0ba32_9f24483ff1d6402d8e4684ecf407fae6_mv2-scaled.webp\" alt=\"2019 K\u00f6lni mess Bellusega\"\/><\/a>\r\n                    <\/div>\r\n                    <h2 class=\"cv-post-title\">\r\n                        <a href=\"https:\/\/blog.4room.ee\/en\/koik\/2019-kolni-mess-bellusega\/\" target=\"_self\">\r\n                            2019 Cologne fair with Bellus furniture                        <\/a>\r\n                    <\/h2>\r\n                    <div class=\"cv-post-meta cv-meta-icon-show\">\r\n                                            <\/div>\r\n                <div class=\"cv-post-content\" itemprop=\"description\">In the photo, you can see Bellus\u2019 stunning furniture and our shining luminaries represented at the Cologne fair.<\/div><div class=\"cv-read-more\"><a href=\"https:\/\/blog.4room.ee\/en\/koik\/2019-kolni-mess-bellusega\/\">Read more<i class=\"fas fa-arrow-right\"><\/i><\/a><\/div>                <\/article>\r\n                        <article post-id=\"post-266\" class=\"cv-post post-format--standard\" itemscope itemtype=\"http:\/\/schema.org\/articleBody\">\r\n                                        <div class=\"cv-post-thumb\">\r\n                        <a href=\"https:\/\/blog.4room.ee\/en\/koik\/2018-tallinna-sisustusmess\/\"><img decoding=\"async\" src=\"https:\/\/blog.4room.ee\/wp-content\/uploads\/2022\/04\/a0ba32_7ed137696c2a4a7ab56d2bbc52b35147_mv2-scaled.webp\" alt=\"2018 Tallinna sisustusmess\"\/><\/a>\r\n                    <\/div>\r\n                    <h2 class=\"cv-post-title\">\r\n                        <a href=\"https:\/\/blog.4room.ee\/en\/koik\/2018-tallinna-sisustusmess\/\" target=\"_self\">\r\n                            2018 Tallinn interior fair                        <\/a>\r\n                    <\/h2>\r\n                    <div class=\"cv-post-meta cv-meta-icon-show\">\r\n                                            <\/div>\r\n                <div class=\"cv-post-content\" itemprop=\"description\">Moments from 2018 Tallinn\u2019s interior fair. Various luminaires in combination with different pieces of interior design.<\/div><div class=\"cv-read-more\"><a href=\"https:\/\/blog.4room.ee\/en\/koik\/2018-tallinna-sisustusmess\/\">Read more<i class=\"fas fa-arrow-right\"><\/i><\/a><\/div>                <\/article>\r\n                        <article post-id=\"post-263\" class=\"cv-post post-format--standard\" itemscope itemtype=\"http:\/\/schema.org\/articleBody\">\r\n                                        <div class=\"cv-post-thumb\">\r\n                        <a href=\"https:\/\/blog.4room.ee\/en\/koik\/2017-tallinna-sisustusmess\/\"><img decoding=\"async\" src=\"https:\/\/blog.4room.ee\/wp-content\/uploads\/2022\/04\/a0ba32_db03ef6d8bb14fe0bb505298badf0b89_mv2-scaled.webp\" alt=\"2017 Tallinna sisustusmess\"\/><\/a>\r\n                    <\/div>\r\n                    <h2 class=\"cv-post-title\">\r\n                        <a href=\"https:\/\/blog.4room.ee\/en\/koik\/2017-tallinna-sisustusmess\/\" target=\"_self\">\r\n                            2017 Tallinn interior fair                        <\/a>\r\n                    <\/h2>\r\n                    <div class=\"cv-post-meta cv-meta-icon-show\">\r\n                                            <\/div>\r\n                <div class=\"cv-post-content\" itemprop=\"description\">Memories of 2017. Tallinn\u2019s interior fair. From the photos, you can see our SPIRIT ROYAL and SLIM luminaires in different colour contrasts.<\/div><div class=\"cv-read-more\"><a href=\"https:\/\/blog.4room.ee\/en\/koik\/2017-tallinna-sisustusmess\/\">Read more<i class=\"fas fa-arrow-right\"><\/i><\/a><\/div>                <\/article>\r\n                        <article post-id=\"post-256\" class=\"cv-post post-format--standard\" itemscope itemtype=\"http:\/\/schema.org\/articleBody\">\r\n                                        <div class=\"cv-post-thumb\">\r\n                        <a href=\"https:\/\/blog.4room.ee\/en\/koik\/erm\/\"><img decoding=\"async\" src=\"https:\/\/blog.4room.ee\/wp-content\/uploads\/2022\/04\/42503683932_ae722b691e_c.jpg\" alt=\"ERM\"\/><\/a>\r\n                    <\/div>\r\n                    <h2 class=\"cv-post-title\">\r\n                        <a href=\"https:\/\/blog.4room.ee\/en\/koik\/erm\/\" target=\"_self\">\r\n                            Estonian National Museum                        <\/a>\r\n                    <\/h2>\r\n                    <div class=\"cv-post-meta cv-meta-icon-show\">\r\n                                            <\/div>\r\n                <div class=\"cv-post-content\" itemprop=\"description\">4ROOM is so proud of the Estonian National Museum that opened its doors to the public in October 2016.<\/div><div class=\"cv-read-more\"><a href=\"https:\/\/blog.4room.ee\/en\/koik\/erm\/\">Read more<i class=\"fas fa-arrow-right\"><\/i><\/a><\/div>                <\/article>\r\n                        <article post-id=\"post-253\" class=\"cv-post post-format--standard\" itemscope itemtype=\"http:\/\/schema.org\/articleBody\">\r\n                                        <div class=\"cv-post-thumb\">\r\n                        <a href=\"https:\/\/blog.4room.ee\/en\/koik\/centennial-hotel\/\"><img decoding=\"async\" src=\"https:\/\/blog.4room.ee\/wp-content\/uploads\/2022\/04\/Superior-room-ava-slider-1-min.png\" alt=\"Centennial hotel\"\/><\/a>\r\n                    <\/div>\r\n                    <h2 class=\"cv-post-title\">\r\n                        <a href=\"https:\/\/blog.4room.ee\/en\/koik\/centennial-hotel\/\" target=\"_self\">\r\n                            Centennial hotel                        <\/a>\r\n                    <\/h2>\r\n                    <div class=\"cv-post-meta cv-meta-icon-show\">\r\n                                            <\/div>\r\n                <div class=\"cv-post-content\" itemprop=\"description\">We can be proud of the collaboration with Centennial Hotel. Hotel opened its doors on the 15th of August in 2017.<\/div><div class=\"cv-read-more\"><a href=\"https:\/\/blog.4room.ee\/en\/koik\/centennial-hotel\/\">Read more<i class=\"fas fa-arrow-right\"><\/i><\/a><\/div>                <\/article>\r\n                        <article post-id=\"post-250\" class=\"cv-post post-format--standard\" itemscope itemtype=\"http:\/\/schema.org\/articleBody\">\r\n                                        <div class=\"cv-post-thumb\">\r\n                        <a href=\"https:\/\/blog.4room.ee\/en\/koik\/strand-hotell\/\"><img decoding=\"async\" src=\"https:\/\/blog.4room.ee\/wp-content\/uploads\/2022\/04\/a0ba32_6c8fef85d89a48d4a562db2bcc057199_mv2-scaled.webp\" alt=\"Strand Hotell\"\/><\/a>\r\n                    <\/div>\r\n                    <h2 class=\"cv-post-title\">\r\n                        <a href=\"https:\/\/blog.4room.ee\/en\/koik\/strand-hotell\/\" target=\"_self\">\r\n                            Strand Hotel                        <\/a>\r\n                    <\/h2>\r\n                    <div class=\"cv-post-meta cv-meta-icon-show\">\r\n                                            <\/div>\r\n                <div class=\"cv-post-content\" itemprop=\"description\">Our luminaires lighting the interiors of the Strand hotel.<\/div><div class=\"cv-read-more\"><a href=\"https:\/\/blog.4room.ee\/en\/koik\/strand-hotell\/\">Read more<i class=\"fas fa-arrow-right\"><\/i><\/a><\/div>                <\/article>\r\n                        <article post-id=\"post-247\" class=\"cv-post post-format--standard\" itemscope itemtype=\"http:\/\/schema.org\/articleBody\">\r\n                                        <div class=\"cv-post-thumb\">\r\n                        <a href=\"https:\/\/blog.4room.ee\/en\/koik\/adami-talu\/\"><img decoding=\"async\" src=\"https:\/\/blog.4room.ee\/wp-content\/uploads\/2022\/04\/164331399_208790324203586_4130087344210431872_n.jpeg\" alt=\"Adami Talu\"\/><\/a>\r\n                    <\/div>\r\n                    <h2 class=\"cv-post-title\">\r\n                        <a href=\"https:\/\/blog.4room.ee\/en\/koik\/adami-talu\/\" target=\"_self\">\r\n                            Adami Country Guesthouse                        <\/a>\r\n                    <\/h2>\r\n                    <div class=\"cv-post-meta cv-meta-icon-show\">\r\n                                            <\/div>\r\n                <div class=\"cv-post-content\" itemprop=\"description\">Our luminaires represented at the cozy Adami Country Guesthouse&nbsp;<\/div><div class=\"cv-read-more\"><a href=\"https:\/\/blog.4room.ee\/en\/koik\/adami-talu\/\">Read more<i class=\"fas fa-arrow-right\"><\/i><\/a><\/div>                <\/article>\r\n            <\/div><\/div>\t\t<\/div>\n\t\t\t\t<\/div>\n\t\t\t\t\t<\/div>\n\t\t<\/div>\n\t\t\t\t\t<\/div>\n\t\t<\/section>\n\t\t\t\t<\/div>","protected":false},"excerpt":{"rendered":"<p>Kodu ja Aed 2018 Spirit Royal SPIRIT ROYALid ajaloolises keskkonnas. Ootamatu, aga v\u00e4ga v\u00e4rkselt m\u00f5juv kooslus. Valgustite sisemusse valitud vaskne metallik&hellip;Loe edasi 2020 Stockholmi sisustusmess M\u00f5nusad meenutused Stockholmi sisustusmessilt. Loodame, et leiate siit ideid ka enda pesa kujundamiseks. Fotograaf: Joanna&hellip;Loe edasi 2020 K\u00f6lni mess Bellusega V\u00e4rviplahvatus ja l\u00f5busad kontrastid esile toodud Belluse m\u00f6\u00f6bliga K\u00f6lni messil.Loe &hellip;<\/p>\n<p class=\"read-more\"> <a class=\"\" href=\"https:\/\/blog.4room.ee\/en\/koik\/adami-talu\/\"> <span class=\"screen-reader-text\">Adami Country Guesthouse<\/span> Read More &raquo;<\/a><\/p>","protected":false},"author":1,"featured_media":0,"parent":0,"menu_order":0,"comment_status":"closed","ping_status":"closed","template":"","meta":{"site-sidebar-layout":"default","site-content-layout":"default","ast-main-header-display":"","ast-hfb-above-header-display":"","ast-hfb-below-header-display":"","ast-hfb-mobile-header-display":"","site-post-title":"disabled","ast-breadcrumbs-content":"","ast-featured-img":"","footer-sml-layout":"","theme-transparent-header-meta":"default","adv-header-id-meta":"","stick-header-meta":"","header-above-stick-meta":"","header-main-stick-meta":"","header-below-stick-meta":"","ngg_post_thumbnail":0,"footnotes":""},"class_list":["post-138","page","type-page","status-publish","hentry"],"blog_post_layout_featured_media_urls":{"thumbnail":"","full":""},"categories_names":null,"comments_number":"0","_links":{"self":[{"href":"https:\/\/blog.4room.ee\/en\/wp-json\/wp\/v2\/pages\/138","targetHints":{"allow":["GET"]}}],"collection":[{"href":"https:\/\/blog.4room.ee\/en\/wp-json\/wp\/v2\/pages"}],"about":[{"href":"https:\/\/blog.4room.ee\/en\/wp-json\/wp\/v2\/types\/page"}],"author":[{"embeddable":true,"href":"https:\/\/blog.4room.ee\/en\/wp-json\/wp\/v2\/users\/1"}],"replies":[{"embeddable":true,"href":"https:\/\/blog.4room.ee\/en\/wp-json\/wp\/v2\/comments?post=138"}],"version-history":[{"count":23,"href":"https:\/\/blog.4room.ee\/en\/wp-json\/wp\/v2\/pages\/138\/revisions"}],"predecessor-version":[{"id":617,"href":"https:\/\/blog.4room.ee\/en\/wp-json\/wp\/v2\/pages\/138\/revisions\/617"}],"wp:attachment":[{"href":"https:\/\/blog.4room.ee\/en\/wp-json\/wp\/v2\/media?parent=138"}],"curies":[{"name":"wp","href":"https:\/\/api.w.org\/{rel}","templated":true}]}}